{"id":3642,"date":"2023-08-19T05:32:52","date_gmt":"2023-08-19T05:32:52","guid":{"rendered":"http:\/\/newyork.hotelkatarijaen.com\/?post_type=product&#038;p=3642"},"modified":"2025-10-03T02:05:04","modified_gmt":"2025-10-03T02:05:04","slug":"washington-full-day","status":"publish","type":"product","link":"https:\/\/newyorkertours.com\/es\/producto\/washington-full-day\/","title":{"rendered":"Washington Full Day"},"content":{"rendered":"<h3><strong>Washington Full Day<\/strong><\/h3>\n<p>No pierdas la oportunidad de venir con nosotros a ver la capital de Estados Unidos Washington DC.<\/p>\n<p>Washington es una bonita ciudad con un gran n\u00famero de monumentos, museos, grandes universidades y barrios hist\u00f3ricos. Posee uno de los aeropuertos m\u00e1s transitados del mundo, es junto a Nueva York la ciudad m\u00e1s visitada por los turistas.<\/p>\n<ul>\n<li>Nos reunimos en el punto de encuentro acordado. En el trayecto de Nueva York a Washington pasamos por varios estados como por ejemplo New Jersey. La distancia entre Nueva York y Washington es de 226,2 millas, unos 365 kil\u00f3metros de distancia hacia el sur.<\/li>\n<li>Tendremos una parada a mitad de camino, tiempo para desayunar y usar los servicios.<\/li>\n<li>Empezaremos nuestro recorrido por el estado de Virginia pasando por el Pent\u00e1gono hasta llegar al Cementerio Nacional de Arlington. Es all\u00ed donde acompa\u00f1ados por nuestro gu\u00eda caminaremos hasta la tumba de los Kennedy (con la llama eterna y la de su esposa). Saldremos del cementerio hacia el monumento Iwo Jima donde pararemos para hacer fotos.<\/li>\n<li>A continuaci\u00f3n, cruzaremos el r\u00edo Potomac que separa Virginia con la ciudad de Washington. Llegaremos a la Avenida de la Constituci\u00f3n donde se encuentran importantes edificios. Departamento de Estado, Instituto de Paz, la Asociaci\u00f3n Nacional De Farmac\u00e9uticas y Monumento a Albert Einstein frente a la Academia Nacional de Ciencias.<\/li>\n<li>Llegaremos al Memorial Park y caminaremos acompa\u00f1ados de nuestro gu\u00eda por los lugares que han sido escenarios de pel\u00edculas y series. Monumento a la Guerra de Corea, monumento al presidente Lincoln y monumento a la Guerra de Vietnam.<\/li>\n<li>Seguiremos por la Piscina reflectante, famosa por la pel\u00edcula Forrest Gump. Hasta llegar a monumentos m\u00e1s visitados como \u201cII Guerra Mundial\u201d y el Obelisco de Washington, la estructura m\u00e1s alta de la ciudad. Continuaremos por la OEA, la Cruz Roja Americana, Vicepresidencia, Departamento del Tesoro y bordeando los jardines de la Casa Blanca donde tendremos tiempo para tomar fotograf\u00edas.<\/li>\n<li>Recorremos la avenida principal donde encontraremos varios edificios. Hacienda, Ministerio de Justicia, el FBI, los Archivos Nacionales, Galer\u00eda Nacional, Museo de Historia Nacional entre otros hasta llegar al Museo del Aire y el Espacio.<\/li>\n<li>A continuaci\u00f3n, tendr\u00e1s tiempo libre para almorzar, hacer fotos del Capitolio y entrar al Museo Nacional del Aire y el Espacio.<\/li>\n<li>De regreso tendremos una parada a mitad de camino y si las condiciones clim\u00e1ticas lo permiten haremos una parada extra antes de entrar a Nueva York en New Jersey, donde podr\u00e1s realizar fotograf\u00edas de la panor\u00e1mica de Manhattan iluminada como aparece en las postales.<\/li>\n<\/ul>\n<p>Operado por Interviajes<\/p>","protected":false},"excerpt":{"rendered":"<p>No pierdas la oportunidad de venir con nosotros a ver la capital de Estados Unidos Washington DC.<\/p>","protected":false},"featured_media":5912,"template":"","meta":{"site-sidebar-layout":"default","site-content-layout":"default","ast-global-header-display":"","ast-main-header-display":"","ast-hfb-above-header-display":"","ast-hfb-below-header-display":"","ast-hfb-mobile-header-display":"","site-post-title":"","ast-breadcrumbs-content":"","ast-featured-img":"","footer-sml-layout":"","theme-transparent-header-meta":"default","adv-header-id-meta":"","stick-header-meta":"","header-above-stick-meta":"","header-main-stick-meta":"","header-below-stick-meta":""},"product_cat":[30],"product_tag":[],"yoast_head":"<!-- This site is optimized with the Yoast SEO plugin v21.4 - https:\/\/yoast.com\/wordpress\/plugins\/seo\/ -->\n<title>Washington Full Day - NEW YORKER TOURS<\/title>\n<meta name=\"robots\" content=\"index, follow, max-snippet:-1, max-image-preview:large, max-video-preview:-1\" \/>\n<link rel=\"canonical\" href=\"https:\/\/newyorkertours.com\/es\/producto\/washington-full-day\/\" \/>\n<meta property=\"og:locale\" content=\"es_MX\" \/>\n<meta property=\"og:type\" content=\"article\" \/>\n<meta property=\"og:title\" content=\"Washington Full Day - NEW YORKER TOURS\" \/>\n<meta property=\"og:description\" content=\"No pierdas la oportunidad de venir con nosotros a ver la capital de Estados Unidos Washington DC.\" \/>\n<meta property=\"og:url\" content=\"https:\/\/newyorkertours.com\/es\/producto\/washington-full-day\/\" \/>\n<meta property=\"og:site_name\" content=\"NEW YORKER TOURS\" \/>\n<meta property=\"article:modified_time\" content=\"2025-10-03T02:05:04+00:00\" \/>\n<meta property=\"og:image\" content=\"https:\/\/newyorkertours.com\/wp-content\/uploads\/sites\/6\/2023\/09\/NY-TOUR-washigton-exclusive.jpg\" \/>\n\t<meta property=\"og:image:width\" content=\"820\" \/>\n\t<meta property=\"og:image:height\" content=\"730\" \/>\n\t<meta property=\"og:image:type\" content=\"image\/jpeg\" \/>\n<meta name=\"twitter:card\" content=\"summary_large_image\" \/>\n<meta name=\"twitter:label1\" content=\"Tiempo de lectura\" \/>\n\t<meta name=\"twitter:data1\" content=\"2 minutos\" \/>\n<script type=\"application\/ld+json\" class=\"yoast-schema-graph\">{\"@context\":\"https:\/\/schema.org\",\"@graph\":[{\"@type\":\"WebPage\",\"@id\":\"https:\/\/newyorkertours.com\/product\/washington-full-day\/\",\"url\":\"https:\/\/newyorkertours.com\/product\/washington-full-day\/\",\"name\":\"Washington Full Day - NEW YORKER TOURS\",\"isPartOf\":{\"@id\":\"https:\/\/newyorkertours.com\/#website\"},\"datePublished\":\"2023-08-19T05:32:52+00:00\",\"dateModified\":\"2025-10-03T02:05:04+00:00\",\"breadcrumb\":{\"@id\":\"https:\/\/newyorkertours.com\/product\/washington-full-day\/#breadcrumb\"},\"inLanguage\":\"es-MX\",\"potentialAction\":[{\"@type\":\"ReadAction\",\"target\":[\"https:\/\/newyorkertours.com\/product\/washington-full-day\/\"]}]},{\"@type\":\"BreadcrumbList\",\"@id\":\"https:\/\/newyorkertours.com\/product\/washington-full-day\/#breadcrumb\",\"itemListElement\":[{\"@type\":\"ListItem\",\"position\":1,\"name\":\"Home\",\"item\":\"https:\/\/newyorkertours.com\/\"},{\"@type\":\"ListItem\",\"position\":2,\"name\":\"Products\",\"item\":\"https:\/\/newyorkertours.com\/shop\/\"},{\"@type\":\"ListItem\",\"position\":3,\"name\":\"Washington Full Day\"}]},{\"@type\":\"WebSite\",\"@id\":\"https:\/\/newyorkertours.com\/#website\",\"url\":\"https:\/\/newyorkertours.com\/\",\"name\":\"NEW YORKER TOURS\",\"description\":\" The Friendly Agency of the Big Apple\",\"publisher\":{\"@id\":\"https:\/\/newyorkertours.com\/#organization\"},\"potentialAction\":[{\"@type\":\"SearchAction\",\"target\":{\"@type\":\"EntryPoint\",\"urlTemplate\":\"https:\/\/newyorkertours.com\/?s={search_term_string}\"},\"query-input\":\"required name=search_term_string\"}],\"inLanguage\":\"es-MX\"},{\"@type\":\"Organization\",\"@id\":\"https:\/\/newyorkertours.com\/#organization\",\"name\":\"NEW YORKER TOURS\",\"url\":\"https:\/\/newyorkertours.com\/\",\"logo\":{\"@type\":\"ImageObject\",\"inLanguage\":\"es-MX\",\"@id\":\"https:\/\/newyorkertours.com\/#\/schema\/logo\/image\/\",\"url\":\"https:\/\/newyorkertours.com\/wp-content\/uploads\/sites\/6\/2023\/07\/LOGO-NY-FINAL-OK.png\",\"contentUrl\":\"https:\/\/newyorkertours.com\/wp-content\/uploads\/sites\/6\/2023\/07\/LOGO-NY-FINAL-OK.png\",\"width\":680,\"height\":159,\"caption\":\"NEW YORKER TOURS\"},\"image\":{\"@id\":\"https:\/\/newyorkertours.com\/#\/schema\/logo\/image\/\"}}]}<\/script>\n<!-- \/ Yoast SEO plugin. -->","yoast_head_json":{"title":"Washington Full Day - NEW YORKER TOURS","robots":{"index":"index","follow":"follow","max-snippet":"max-snippet:-1","max-image-preview":"max-image-preview:large","max-video-preview":"max-video-preview:-1"},"canonical":"https:\/\/newyorkertours.com\/es\/producto\/washington-full-day\/","og_locale":"es_MX","og_type":"article","og_title":"Washington Full Day - NEW YORKER TOURS","og_description":"No pierdas la oportunidad de venir con nosotros a ver la capital de Estados Unidos Washington DC.","og_url":"https:\/\/newyorkertours.com\/es\/producto\/washington-full-day\/","og_site_name":"NEW YORKER TOURS","article_modified_time":"2025-10-03T02:05:04+00:00","og_image":[{"width":820,"height":730,"url":"https:\/\/newyorkertours.com\/wp-content\/uploads\/sites\/6\/2023\/09\/NY-TOUR-washigton-exclusive.jpg","type":"image\/jpeg"}],"twitter_card":"summary_large_image","twitter_misc":{"Tiempo de lectura":"2 minutos"},"schema":{"@context":"https:\/\/schema.org","@graph":[{"@type":"WebPage","@id":"https:\/\/newyorkertours.com\/product\/washington-full-day\/","url":"https:\/\/newyorkertours.com\/product\/washington-full-day\/","name":"Washington Full Day - NEW YORKER TOURS","isPartOf":{"@id":"https:\/\/newyorkertours.com\/#website"},"datePublished":"2023-08-19T05:32:52+00:00","dateModified":"2025-10-03T02:05:04+00:00","breadcrumb":{"@id":"https:\/\/newyorkertours.com\/product\/washington-full-day\/#breadcrumb"},"inLanguage":"es-MX","potentialAction":[{"@type":"ReadAction","target":["https:\/\/newyorkertours.com\/product\/washington-full-day\/"]}]},{"@type":"BreadcrumbList","@id":"https:\/\/newyorkertours.com\/product\/washington-full-day\/#breadcrumb","itemListElement":[{"@type":"ListItem","position":1,"name":"Home","item":"https:\/\/newyorkertours.com\/"},{"@type":"ListItem","position":2,"name":"Products","item":"https:\/\/newyorkertours.com\/shop\/"},{"@type":"ListItem","position":3,"name":"Washington Full Day"}]},{"@type":"WebSite","@id":"https:\/\/newyorkertours.com\/#website","url":"https:\/\/newyorkertours.com\/","name":"NEW YORKER TOURS","description":" The Friendly Agency of the Big Apple","publisher":{"@id":"https:\/\/newyorkertours.com\/#organization"},"potentialAction":[{"@type":"SearchAction","target":{"@type":"EntryPoint","urlTemplate":"https:\/\/newyorkertours.com\/?s={search_term_string}"},"query-input":"required name=search_term_string"}],"inLanguage":"es-MX"},{"@type":"Organization","@id":"https:\/\/newyorkertours.com\/#organization","name":"NEW YORKER TOURS","url":"https:\/\/newyorkertours.com\/","logo":{"@type":"ImageObject","inLanguage":"es-MX","@id":"https:\/\/newyorkertours.com\/#\/schema\/logo\/image\/","url":"https:\/\/newyorkertours.com\/wp-content\/uploads\/sites\/6\/2023\/07\/LOGO-NY-FINAL-OK.png","contentUrl":"https:\/\/newyorkertours.com\/wp-content\/uploads\/sites\/6\/2023\/07\/LOGO-NY-FINAL-OK.png","width":680,"height":159,"caption":"NEW YORKER TOURS"},"image":{"@id":"https:\/\/newyorkertours.com\/#\/schema\/logo\/image\/"}}]}},"_links":{"self":[{"href":"https:\/\/newyorkertours.com\/es\/wp-json\/wp\/v2\/product\/3642"}],"collection":[{"href":"https:\/\/newyorkertours.com\/es\/wp-json\/wp\/v2\/product"}],"about":[{"href":"https:\/\/newyorkertours.com\/es\/wp-json\/wp\/v2\/types\/product"}],"wp:featuredmedia":[{"embeddable":true,"href":"https:\/\/newyorkertours.com\/es\/wp-json\/wp\/v2\/media\/5912"}],"wp:attachment":[{"href":"https:\/\/newyorkertours.com\/es\/wp-json\/wp\/v2\/media?parent=3642"}],"wp:term":[{"taxonomy":"product_cat","embeddable":true,"href":"https:\/\/newyorkertours.com\/es\/wp-json\/wp\/v2\/product_cat?post=3642"},{"taxonomy":"product_tag","embeddable":true,"href":"https:\/\/newyorkertours.com\/es\/wp-json\/wp\/v2\/product_tag?post=3642"}],"curies":[{"name":"wp","href":"https:\/\/api.w.org\/{rel}","templated":true}]}}