{"id":3640,"date":"2023-08-19T05:25:25","date_gmt":"2023-08-19T05:25:25","guid":{"rendered":"http:\/\/newyork.hotelkatarijaen.com\/?post_type=product&#038;p=3640"},"modified":"2025-12-06T20:55:59","modified_gmt":"2025-12-06T20:55:59","slug":"boston-full-day","status":"publish","type":"product","link":"https:\/\/newyorkertours.com\/es\/producto\/boston-full-day\/","title":{"rendered":"Boston Full Day"},"content":{"rendered":"<h3><\/h3>\n<p>Boston adem\u00e1s de ser la ciudad m\u00e1s grande del estado de Massachusetts y su capital, es una de las ciudades m\u00e1s antiguas de EE.UU. Es considerada el centro econ\u00f3mico y cultural de la regi\u00f3n<br \/>\ny referido en ocasiones como la \u00abCapital de Nueva Inglaterra\u00bb Boston es la cuna de la revoluci\u00f3n americana, precisamente ah\u00ed comenz\u00f3 la guerra por la<br \/>\nlibertad.<\/p>\n<p>Adem\u00e1s de lugares relacionados con la historia de Estados Unidos. Boston es conocido por sus monumentos extraordinarios de arte y cultura, unos parques magn\u00edficos, una gran oferta de<br \/>\ntiendas y deliciosos restaurantes.<\/p>\n<p>La excursi\u00f3n incluye Transporte, WIFI, Ba\u00f1o, Puntos de recarga para m\u00f3viles.<\/p>\n<ul>\n<li>Nos reunimos en el punto de encuentro acordado. Tendremos una parada a mitad de camino, tiempo para desayunar y usar los servicios.<\/li>\n<li>Una vez en Boston, nuestra primera parada se har\u00e1 en Copley Square d\u00f3nde podremos apreciar los contrastes Arquitect\u00f3nicos de la ciudad. La primer Biblioteca P\u00fablica de Estados Unidos, la Torre Hancock, la Iglesia de la Sant\u00edsima Trinidad, el Hotel Fairmont Copley Plaza. Tambi\u00e9n el monumento a la Liebre y la Tortuga conmemorando el cementerio de la Marat\u00f3n de Boston. Podr\u00e1s escuchar la explicaci\u00f3n del gu\u00eda y tendremos tiempo para hacer fotograf\u00edas.<\/li>\n<li>Nuestra siguiente parada ser\u00e1 en la Iglesia de Cristo Cient\u00edfico. Siguiendo el recorrido tomaremos la avenida Massachusetts pasando el barrio Back Bay famosos por sus casas Victorianas. Berklee Collage la escuela privada de m\u00fasica m\u00e1s grande del mundo.<\/li>\n<li>Adem\u00e1s del monumento a Domingo Faustino Sarmiento y tener cerca el Estadio de Baseball Fenway Park casa de los Medias Rojas. Seguimos en direcci\u00f3n a Cambridge donde se encuentra el Instituto Tecnol\u00f3gico de Massachusetts MIT y la prestigiosa Universidad de Harvard. D\u00f3nde acompa\u00f1ados por nuestro gu\u00eda caminaremos su Campus Universitario y el famoso monumento de las tres mentiras, tendr\u00e1n tiempo para comprar souvenirs.<\/li>\n<li>Regresando hac\u00eda Boston, caminaremos uno de los barrios m\u00e1s atractivos y costosos de la ciudad Beacon Hill. Donde vivieron los Kennedy adem\u00e1s reconocido por sus calles adoquinadas, casas t\u00edpicas adosadas, locales contempor\u00e1neos y una localizaci\u00f3n c\u00e9ntrica.<\/li>\n<li>Pasaremos por el primer parque p\u00fablico de EE.UU. Gobernaci\u00f3n de Massachusetts, veremos parte del Freedom Trail o Sendero de la Libertad, Centro Financiero, sitio de la Masacre de Boston de 1.770.<\/li>\n<li>Nuestra \u00faltima parada se har\u00e1 en Quincy Market. Que desde su inicio en 1826 fue utilizado como un centro de producci\u00f3n, compra e intercambio de productos alimenticios. Siendo ahora centro cultural de la ciudad y encontraremos diferentes<br \/>\nartistas callejeros. Bailarines, m\u00fasicos y malabaristas que ocupan los diferentes espacios abiertos para realizar sus actos o destrezas.<\/li>\n<li>Tendremos tiempo libre para almorzar y si quieres aprovechar podr\u00e1n degustar la comida t\u00edpica de la ciudad. El gu\u00eda nos llevar\u00e1 donde venden la mejor crema de Almeja o Clam Chowder y el Sandwich de Langosta.<\/li>\n<\/ul>\n<p>Operado por Interviajes<\/p>","protected":false},"excerpt":{"rendered":"<p>Boston adem\u00e1s de ser la ciudad m\u00e1s grande del estado de Massachusetts y su capital, es una de las ciudades m\u00e1s antiguas de EE.UU. Es considerada el centro econ\u00f3mico y cultural de la regi\u00f3n y referido en ocasiones como la \u00abCapital de Nueva Inglaterra\u00bb Boston es la cuna de la revoluci\u00f3n americana, precisamente ah\u00ed comenz\u00f3 &hellip;<\/p>\n<p class=\"read-more\"> <a class=\"\" href=\"https:\/\/newyorkertours.com\/es\/producto\/boston-full-day\/\"> <span class=\"screen-reader-text\">Boston Full Day<\/span> Leer m\u00e1s &raquo;<\/a><\/p>","protected":false},"featured_media":3641,"template":"","meta":{"site-sidebar-layout":"default","site-content-layout":"default","ast-global-header-display":"","ast-main-header-display":"","ast-hfb-above-header-display":"","ast-hfb-below-header-display":"","ast-hfb-mobile-header-display":"","site-post-title":"","ast-breadcrumbs-content":"","ast-featured-img":"","footer-sml-layout":"","theme-transparent-header-meta":"default","adv-header-id-meta":"","stick-header-meta":"","header-above-stick-meta":"","header-main-stick-meta":"","header-below-stick-meta":""},"product_cat":[58],"product_tag":[],"yoast_head":"<!-- This site is optimized with the Yoast SEO plugin v21.4 - https:\/\/yoast.com\/wordpress\/plugins\/seo\/ -->\n<title>Boston Full Day - NEW YORKER TOURS<\/title>\n<meta name=\"robots\" content=\"index, follow, max-snippet:-1, max-image-preview:large, max-video-preview:-1\" \/>\n<link rel=\"canonical\" href=\"https:\/\/newyorkertours.com\/es\/producto\/boston-full-day\/\" \/>\n<meta property=\"og:locale\" content=\"es_MX\" \/>\n<meta property=\"og:type\" content=\"article\" \/>\n<meta property=\"og:title\" content=\"Boston Full Day - NEW YORKER TOURS\" \/>\n<meta property=\"og:description\" content=\"Boston adem\u00e1s de ser la ciudad m\u00e1s grande del estado de Massachusetts y su capital, es una de las ciudades m\u00e1s antiguas de EE.UU. Es considerada el centro econ\u00f3mico y cultural de la regi\u00f3n y referido en ocasiones como la \u00abCapital de Nueva Inglaterra\u00bb Boston es la cuna de la revoluci\u00f3n americana, precisamente ah\u00ed comenz\u00f3 &hellip; Boston Full Day Leer m\u00e1s &raquo;\" \/>\n<meta property=\"og:url\" content=\"https:\/\/newyorkertours.com\/es\/producto\/boston-full-day\/\" \/>\n<meta property=\"og:site_name\" content=\"NEW YORKER TOURS\" \/>\n<meta property=\"article:modified_time\" content=\"2025-12-06T20:55:59+00:00\" \/>\n<meta property=\"og:image\" content=\"https:\/\/newyorkertours.com\/wp-content\/uploads\/sites\/6\/2023\/08\/BOSTON.jpeg\" \/>\n\t<meta property=\"og:image:width\" content=\"888\" \/>\n\t<meta property=\"og:image:height\" content=\"1024\" \/>\n\t<meta property=\"og:image:type\" content=\"image\/jpeg\" \/>\n<meta name=\"twitter:card\" content=\"summary_large_image\" \/>\n<meta name=\"twitter:label1\" content=\"Tiempo de lectura\" \/>\n\t<meta name=\"twitter:data1\" content=\"3 minutos\" \/>\n<script type=\"application\/ld+json\" class=\"yoast-schema-graph\">{\"@context\":\"https:\/\/schema.org\",\"@graph\":[{\"@type\":\"WebPage\",\"@id\":\"https:\/\/newyorkertours.com\/product\/boston-full-day\/\",\"url\":\"https:\/\/newyorkertours.com\/product\/boston-full-day\/\",\"name\":\"Boston Full Day - NEW YORKER TOURS\",\"isPartOf\":{\"@id\":\"https:\/\/newyorkertours.com\/#website\"},\"datePublished\":\"2023-08-19T05:25:25+00:00\",\"dateModified\":\"2025-12-06T20:55:59+00:00\",\"breadcrumb\":{\"@id\":\"https:\/\/newyorkertours.com\/product\/boston-full-day\/#breadcrumb\"},\"inLanguage\":\"es-MX\",\"potentialAction\":[{\"@type\":\"ReadAction\",\"target\":[\"https:\/\/newyorkertours.com\/product\/boston-full-day\/\"]}]},{\"@type\":\"BreadcrumbList\",\"@id\":\"https:\/\/newyorkertours.com\/product\/boston-full-day\/#breadcrumb\",\"itemListElement\":[{\"@type\":\"ListItem\",\"position\":1,\"name\":\"Home\",\"item\":\"https:\/\/newyorkertours.com\/\"},{\"@type\":\"ListItem\",\"position\":2,\"name\":\"Products\",\"item\":\"https:\/\/newyorkertours.com\/shop\/\"},{\"@type\":\"ListItem\",\"position\":3,\"name\":\"Boston Full Day\"}]},{\"@type\":\"WebSite\",\"@id\":\"https:\/\/newyorkertours.com\/#website\",\"url\":\"https:\/\/newyorkertours.com\/\",\"name\":\"NEW YORKER TOURS\",\"description\":\" The Friendly Agency of the Big Apple\",\"publisher\":{\"@id\":\"https:\/\/newyorkertours.com\/#organization\"},\"potentialAction\":[{\"@type\":\"SearchAction\",\"target\":{\"@type\":\"EntryPoint\",\"urlTemplate\":\"https:\/\/newyorkertours.com\/?s={search_term_string}\"},\"query-input\":\"required name=search_term_string\"}],\"inLanguage\":\"es-MX\"},{\"@type\":\"Organization\",\"@id\":\"https:\/\/newyorkertours.com\/#organization\",\"name\":\"NEW YORKER TOURS\",\"url\":\"https:\/\/newyorkertours.com\/\",\"logo\":{\"@type\":\"ImageObject\",\"inLanguage\":\"es-MX\",\"@id\":\"https:\/\/newyorkertours.com\/#\/schema\/logo\/image\/\",\"url\":\"https:\/\/newyorkertours.com\/wp-content\/uploads\/sites\/6\/2023\/07\/LOGO-NY-FINAL-OK.png\",\"contentUrl\":\"https:\/\/newyorkertours.com\/wp-content\/uploads\/sites\/6\/2023\/07\/LOGO-NY-FINAL-OK.png\",\"width\":680,\"height\":159,\"caption\":\"NEW YORKER TOURS\"},\"image\":{\"@id\":\"https:\/\/newyorkertours.com\/#\/schema\/logo\/image\/\"}}]}<\/script>\n<!-- \/ Yoast SEO plugin. -->","yoast_head_json":{"title":"Boston Full Day - NEW YORKER TOURS","robots":{"index":"index","follow":"follow","max-snippet":"max-snippet:-1","max-image-preview":"max-image-preview:large","max-video-preview":"max-video-preview:-1"},"canonical":"https:\/\/newyorkertours.com\/es\/producto\/boston-full-day\/","og_locale":"es_MX","og_type":"article","og_title":"Boston Full Day - NEW YORKER TOURS","og_description":"Boston adem\u00e1s de ser la ciudad m\u00e1s grande del estado de Massachusetts y su capital, es una de las ciudades m\u00e1s antiguas de EE.UU. Es considerada el centro econ\u00f3mico y cultural de la regi\u00f3n y referido en ocasiones como la \u00abCapital de Nueva Inglaterra\u00bb Boston es la cuna de la revoluci\u00f3n americana, precisamente ah\u00ed comenz\u00f3 &hellip; Boston Full Day Leer m\u00e1s &raquo;","og_url":"https:\/\/newyorkertours.com\/es\/producto\/boston-full-day\/","og_site_name":"NEW YORKER TOURS","article_modified_time":"2025-12-06T20:55:59+00:00","og_image":[{"width":888,"height":1024,"url":"https:\/\/newyorkertours.com\/wp-content\/uploads\/sites\/6\/2023\/08\/BOSTON.jpeg","type":"image\/jpeg"}],"twitter_card":"summary_large_image","twitter_misc":{"Tiempo de lectura":"3 minutos"},"schema":{"@context":"https:\/\/schema.org","@graph":[{"@type":"WebPage","@id":"https:\/\/newyorkertours.com\/product\/boston-full-day\/","url":"https:\/\/newyorkertours.com\/product\/boston-full-day\/","name":"Boston Full Day - NEW YORKER TOURS","isPartOf":{"@id":"https:\/\/newyorkertours.com\/#website"},"datePublished":"2023-08-19T05:25:25+00:00","dateModified":"2025-12-06T20:55:59+00:00","breadcrumb":{"@id":"https:\/\/newyorkertours.com\/product\/boston-full-day\/#breadcrumb"},"inLanguage":"es-MX","potentialAction":[{"@type":"ReadAction","target":["https:\/\/newyorkertours.com\/product\/boston-full-day\/"]}]},{"@type":"BreadcrumbList","@id":"https:\/\/newyorkertours.com\/product\/boston-full-day\/#breadcrumb","itemListElement":[{"@type":"ListItem","position":1,"name":"Home","item":"https:\/\/newyorkertours.com\/"},{"@type":"ListItem","position":2,"name":"Products","item":"https:\/\/newyorkertours.com\/shop\/"},{"@type":"ListItem","position":3,"name":"Boston Full Day"}]},{"@type":"WebSite","@id":"https:\/\/newyorkertours.com\/#website","url":"https:\/\/newyorkertours.com\/","name":"NEW YORKER TOURS","description":" The Friendly Agency of the Big Apple","publisher":{"@id":"https:\/\/newyorkertours.com\/#organization"},"potentialAction":[{"@type":"SearchAction","target":{"@type":"EntryPoint","urlTemplate":"https:\/\/newyorkertours.com\/?s={search_term_string}"},"query-input":"required name=search_term_string"}],"inLanguage":"es-MX"},{"@type":"Organization","@id":"https:\/\/newyorkertours.com\/#organization","name":"NEW YORKER TOURS","url":"https:\/\/newyorkertours.com\/","logo":{"@type":"ImageObject","inLanguage":"es-MX","@id":"https:\/\/newyorkertours.com\/#\/schema\/logo\/image\/","url":"https:\/\/newyorkertours.com\/wp-content\/uploads\/sites\/6\/2023\/07\/LOGO-NY-FINAL-OK.png","contentUrl":"https:\/\/newyorkertours.com\/wp-content\/uploads\/sites\/6\/2023\/07\/LOGO-NY-FINAL-OK.png","width":680,"height":159,"caption":"NEW YORKER TOURS"},"image":{"@id":"https:\/\/newyorkertours.com\/#\/schema\/logo\/image\/"}}]}},"_links":{"self":[{"href":"https:\/\/newyorkertours.com\/es\/wp-json\/wp\/v2\/product\/3640"}],"collection":[{"href":"https:\/\/newyorkertours.com\/es\/wp-json\/wp\/v2\/product"}],"about":[{"href":"https:\/\/newyorkertours.com\/es\/wp-json\/wp\/v2\/types\/product"}],"wp:featuredmedia":[{"embeddable":true,"href":"https:\/\/newyorkertours.com\/es\/wp-json\/wp\/v2\/media\/3641"}],"wp:attachment":[{"href":"https:\/\/newyorkertours.com\/es\/wp-json\/wp\/v2\/media?parent=3640"}],"wp:term":[{"taxonomy":"product_cat","embeddable":true,"href":"https:\/\/newyorkertours.com\/es\/wp-json\/wp\/v2\/product_cat?post=3640"},{"taxonomy":"product_tag","embeddable":true,"href":"https:\/\/newyorkertours.com\/es\/wp-json\/wp\/v2\/product_tag?post=3640"}],"curies":[{"name":"wp","href":"https:\/\/api.w.org\/{rel}","templated":true}]}}