{"id":2802,"date":"2023-08-04T23:05:39","date_gmt":"2023-08-04T23:05:39","guid":{"rendered":"http:\/\/newyork.hotelkatarijaen.com\/?post_type=product&#038;p=2802"},"modified":"2025-10-03T02:14:35","modified_gmt":"2025-10-03T02:14:35","slug":"private-dyker-height-tours","status":"publish","type":"product","link":"https:\/\/newyorkertours.com\/es\/producto\/private-dyker-height-tours\/","title":{"rendered":"Private Dyker Height Tours"},"content":{"rendered":"<h3><strong>Private Dyker Height Tours<\/strong><\/h3>\n<h3>DESPU\u00c9S DE ACCI\u00d3N DE GRACIAS HASTA LA PRIMERA SEMANA DE ENERO<\/h3>\n<p>Los residentes de la zona decoran sus casas invirtiendo miles de d\u00f3lares en luces y arreglos navide\u00f1os. Esta tradici\u00f3n cuenta con m\u00e1s de 30 a\u00f1os y es un lugar que no puedes dejar de visitar si te encuentras en esta \u00e9poca en New York.<\/p>\n<p>El mes de diciembre es un mes frio, y nosotros lo que queremos ofrecerte con este tour privado es que disfrutes de esta magia en un ambiente c\u00e1lido, por lo cual contamos con calentador en el carro, y podr\u00e1s salir a tomarte fotos y volver al veh\u00edculo cuando gustes<\/p>\n<p><strong>Itinerario <\/strong><\/p>\n<ul>\n<li>Te recogemos del hotel o del lugar de alojamiento acordado.<\/li>\n<li>Nos dirigimos a la zona de DUMBO donde podr\u00e1n caminar por Washington Street, contemplar Manhattan desde DUMBO, tomarte fotos.<\/li>\n<li>Seguimos nuestro recorrido a Dyker Heights, visitaremos la casa de Lucy Spata que fue la pionera de este m\u00e1gico cuento de navidad. Te podr\u00e1s bajar del auto y tomarte fotos.<\/li>\n<li>Te dejaremos en tu hotel o lugar de alojamiento.<\/li>\n<\/ul>\n<p>The tour is carried out in a private vehicle suburban for 6 passengers, with 5 being the minimum to hire this tour. The vehicle has heating and good music.<\/p>\n<p><strong>Tiempo aproximado 4 horas<\/strong><\/p>\n<p>ALSO AVAILABLE ON BUS<\/p>","protected":false},"excerpt":{"rendered":"<p>Dyker Heights es un barrio italiano localizado en el sur de Brooklyn, que se transforma en el mes de diciembre como un cuento de Navidad, volvi\u00e9ndose m\u00e1gico!!!<\/p>","protected":false},"featured_media":5911,"template":"","meta":{"site-sidebar-layout":"default","site-content-layout":"default","ast-global-header-display":"","ast-main-header-display":"","ast-hfb-above-header-display":"","ast-hfb-below-header-display":"","ast-hfb-mobile-header-display":"","site-post-title":"","ast-breadcrumbs-content":"","ast-featured-img":"","footer-sml-layout":"","theme-transparent-header-meta":"default","adv-header-id-meta":"","stick-header-meta":"","header-above-stick-meta":"","header-main-stick-meta":"","header-below-stick-meta":""},"product_cat":[58],"product_tag":[],"yoast_head":"<!-- This site is optimized with the Yoast SEO plugin v21.4 - https:\/\/yoast.com\/wordpress\/plugins\/seo\/ -->\n<title>Private Dyker Height Tours - NEW YORKER TOURS<\/title>\n<meta name=\"robots\" content=\"index, follow, max-snippet:-1, max-image-preview:large, max-video-preview:-1\" \/>\n<link rel=\"canonical\" href=\"https:\/\/newyorkertours.com\/es\/producto\/private-dyker-height-tours\/\" \/>\n<meta property=\"og:locale\" content=\"es_MX\" \/>\n<meta property=\"og:type\" content=\"article\" \/>\n<meta property=\"og:title\" content=\"Private Dyker Height Tours - NEW YORKER TOURS\" \/>\n<meta property=\"og:description\" content=\"Dyker Heights is an Italian neighborhood located in southern Brooklyn, which transforms in the month of December like a Christmas story, becoming magical!!!\" \/>\n<meta property=\"og:url\" content=\"https:\/\/newyorkertours.com\/es\/producto\/private-dyker-height-tours\/\" \/>\n<meta property=\"og:site_name\" content=\"NEW YORKER TOURS\" \/>\n<meta property=\"article:modified_time\" content=\"2025-10-03T02:14:35+00:00\" \/>\n<meta property=\"og:image\" content=\"https:\/\/newyorkertours.com\/wp-content\/uploads\/sites\/6\/2023\/09\/NY-TOUR-dykerheight.jpg\" \/>\n\t<meta property=\"og:image:width\" content=\"820\" \/>\n\t<meta property=\"og:image:height\" content=\"730\" \/>\n\t<meta property=\"og:image:type\" content=\"image\/jpeg\" \/>\n<meta name=\"twitter:card\" content=\"summary_large_image\" \/>\n<meta name=\"twitter:label1\" content=\"Tiempo de lectura\" \/>\n\t<meta name=\"twitter:data1\" content=\"2 minutos\" \/>\n<script type=\"application\/ld+json\" class=\"yoast-schema-graph\">{\"@context\":\"https:\/\/schema.org\",\"@graph\":[{\"@type\":\"WebPage\",\"@id\":\"https:\/\/newyorkertours.com\/product\/private-dyker-height-tours\/\",\"url\":\"https:\/\/newyorkertours.com\/product\/private-dyker-height-tours\/\",\"name\":\"Private Dyker Height Tours - NEW YORKER TOURS\",\"isPartOf\":{\"@id\":\"https:\/\/newyorkertours.com\/#website\"},\"datePublished\":\"2023-08-04T23:05:39+00:00\",\"dateModified\":\"2025-10-03T02:14:35+00:00\",\"breadcrumb\":{\"@id\":\"https:\/\/newyorkertours.com\/product\/private-dyker-height-tours\/#breadcrumb\"},\"inLanguage\":\"es-MX\",\"potentialAction\":[{\"@type\":\"ReadAction\",\"target\":[\"https:\/\/newyorkertours.com\/product\/private-dyker-height-tours\/\"]}]},{\"@type\":\"BreadcrumbList\",\"@id\":\"https:\/\/newyorkertours.com\/product\/private-dyker-height-tours\/#breadcrumb\",\"itemListElement\":[{\"@type\":\"ListItem\",\"position\":1,\"name\":\"Home\",\"item\":\"https:\/\/newyorkertours.com\/\"},{\"@type\":\"ListItem\",\"position\":2,\"name\":\"Products\",\"item\":\"https:\/\/newyorkertours.com\/shop\/\"},{\"@type\":\"ListItem\",\"position\":3,\"name\":\"Private Dyker Height Tours\"}]},{\"@type\":\"WebSite\",\"@id\":\"https:\/\/newyorkertours.com\/#website\",\"url\":\"https:\/\/newyorkertours.com\/\",\"name\":\"NEW YORKER TOURS\",\"description\":\" The Friendly Agency of the Big Apple\",\"publisher\":{\"@id\":\"https:\/\/newyorkertours.com\/#organization\"},\"potentialAction\":[{\"@type\":\"SearchAction\",\"target\":{\"@type\":\"EntryPoint\",\"urlTemplate\":\"https:\/\/newyorkertours.com\/?s={search_term_string}\"},\"query-input\":\"required name=search_term_string\"}],\"inLanguage\":\"es-MX\"},{\"@type\":\"Organization\",\"@id\":\"https:\/\/newyorkertours.com\/#organization\",\"name\":\"NEW YORKER TOURS\",\"url\":\"https:\/\/newyorkertours.com\/\",\"logo\":{\"@type\":\"ImageObject\",\"inLanguage\":\"es-MX\",\"@id\":\"https:\/\/newyorkertours.com\/#\/schema\/logo\/image\/\",\"url\":\"https:\/\/newyorkertours.com\/wp-content\/uploads\/sites\/6\/2023\/07\/LOGO-NY-FINAL-OK.png\",\"contentUrl\":\"https:\/\/newyorkertours.com\/wp-content\/uploads\/sites\/6\/2023\/07\/LOGO-NY-FINAL-OK.png\",\"width\":680,\"height\":159,\"caption\":\"NEW YORKER TOURS\"},\"image\":{\"@id\":\"https:\/\/newyorkertours.com\/#\/schema\/logo\/image\/\"}}]}<\/script>\n<!-- \/ Yoast SEO plugin. -->","yoast_head_json":{"title":"Private Dyker Height Tours - NEW YORKER TOURS","robots":{"index":"index","follow":"follow","max-snippet":"max-snippet:-1","max-image-preview":"max-image-preview:large","max-video-preview":"max-video-preview:-1"},"canonical":"https:\/\/newyorkertours.com\/es\/producto\/private-dyker-height-tours\/","og_locale":"es_MX","og_type":"article","og_title":"Private Dyker Height Tours - NEW YORKER TOURS","og_description":"Dyker Heights is an Italian neighborhood located in southern Brooklyn, which transforms in the month of December like a Christmas story, becoming magical!!!","og_url":"https:\/\/newyorkertours.com\/es\/producto\/private-dyker-height-tours\/","og_site_name":"NEW YORKER TOURS","article_modified_time":"2025-10-03T02:14:35+00:00","og_image":[{"width":820,"height":730,"url":"https:\/\/newyorkertours.com\/wp-content\/uploads\/sites\/6\/2023\/09\/NY-TOUR-dykerheight.jpg","type":"image\/jpeg"}],"twitter_card":"summary_large_image","twitter_misc":{"Tiempo de lectura":"2 minutos"},"schema":{"@context":"https:\/\/schema.org","@graph":[{"@type":"WebPage","@id":"https:\/\/newyorkertours.com\/product\/private-dyker-height-tours\/","url":"https:\/\/newyorkertours.com\/product\/private-dyker-height-tours\/","name":"Private Dyker Height Tours - NEW YORKER TOURS","isPartOf":{"@id":"https:\/\/newyorkertours.com\/#website"},"datePublished":"2023-08-04T23:05:39+00:00","dateModified":"2025-10-03T02:14:35+00:00","breadcrumb":{"@id":"https:\/\/newyorkertours.com\/product\/private-dyker-height-tours\/#breadcrumb"},"inLanguage":"es-MX","potentialAction":[{"@type":"ReadAction","target":["https:\/\/newyorkertours.com\/product\/private-dyker-height-tours\/"]}]},{"@type":"BreadcrumbList","@id":"https:\/\/newyorkertours.com\/product\/private-dyker-height-tours\/#breadcrumb","itemListElement":[{"@type":"ListItem","position":1,"name":"Home","item":"https:\/\/newyorkertours.com\/"},{"@type":"ListItem","position":2,"name":"Products","item":"https:\/\/newyorkertours.com\/shop\/"},{"@type":"ListItem","position":3,"name":"Private Dyker Height Tours"}]},{"@type":"WebSite","@id":"https:\/\/newyorkertours.com\/#website","url":"https:\/\/newyorkertours.com\/","name":"NEW YORKER TOURS","description":" The Friendly Agency of the Big Apple","publisher":{"@id":"https:\/\/newyorkertours.com\/#organization"},"potentialAction":[{"@type":"SearchAction","target":{"@type":"EntryPoint","urlTemplate":"https:\/\/newyorkertours.com\/?s={search_term_string}"},"query-input":"required name=search_term_string"}],"inLanguage":"es-MX"},{"@type":"Organization","@id":"https:\/\/newyorkertours.com\/#organization","name":"NEW YORKER TOURS","url":"https:\/\/newyorkertours.com\/","logo":{"@type":"ImageObject","inLanguage":"es-MX","@id":"https:\/\/newyorkertours.com\/#\/schema\/logo\/image\/","url":"https:\/\/newyorkertours.com\/wp-content\/uploads\/sites\/6\/2023\/07\/LOGO-NY-FINAL-OK.png","contentUrl":"https:\/\/newyorkertours.com\/wp-content\/uploads\/sites\/6\/2023\/07\/LOGO-NY-FINAL-OK.png","width":680,"height":159,"caption":"NEW YORKER TOURS"},"image":{"@id":"https:\/\/newyorkertours.com\/#\/schema\/logo\/image\/"}}]}},"_links":{"self":[{"href":"https:\/\/newyorkertours.com\/es\/wp-json\/wp\/v2\/product\/2802"}],"collection":[{"href":"https:\/\/newyorkertours.com\/es\/wp-json\/wp\/v2\/product"}],"about":[{"href":"https:\/\/newyorkertours.com\/es\/wp-json\/wp\/v2\/types\/product"}],"wp:featuredmedia":[{"embeddable":true,"href":"https:\/\/newyorkertours.com\/es\/wp-json\/wp\/v2\/media\/5911"}],"wp:attachment":[{"href":"https:\/\/newyorkertours.com\/es\/wp-json\/wp\/v2\/media?parent=2802"}],"wp:term":[{"taxonomy":"product_cat","embeddable":true,"href":"https:\/\/newyorkertours.com\/es\/wp-json\/wp\/v2\/product_cat?post=2802"},{"taxonomy":"product_tag","embeddable":true,"href":"https:\/\/newyorkertours.com\/es\/wp-json\/wp\/v2\/product_tag?post=2802"}],"curies":[{"name":"wp","href":"https:\/\/api.w.org\/{rel}","templated":true}]}}